{"id":2311,"date":"2024-06-19T18:58:11","date_gmt":"2024-06-19T18:58:11","guid":{"rendered":"https:\/\/www.utopiamex.com\/privacidad\/"},"modified":"2024-10-23T02:08:55","modified_gmt":"2024-10-23T02:08:55","slug":"privacidad","status":"publish","type":"page","link":"https:\/\/www.utopiamex.com\/es\/privacidad\/","title":{"rendered":"Privacidad"},"content":{"rendered":"<p>[et_pb_section fb_built=\u00bb1&#8243; admin_label=\u00bbPage Title Section\u00bb _builder_version=\u00bb4.24.2&#8243; use_background_color_gradient=\u00bbon\u00bb background_color_gradient_direction=\u00bb120deg\u00bb background_color_gradient_stops=\u00bb#000000 0%|rgba(0,0,0,0) 100%\u00bb background_color_gradient_overlays_image=\u00bbon\u00bb background_color_gradient_start=\u00bb#000000&#8243; background_color_gradient_end=\u00bbrgba(0,0,0,0)\u00bb background_image=\u00bbhttps:\/\/www.utopiamex.com\/wp-content\/uploads\/2024\/06\/UTOPIA-@jacodgh-66.jpg\u00bb custom_padding=\u00bb110px||110px|\u00bb global_colors_info=\u00bb{}\u00bb][et_pb_row column_structure=\u00bb2_3,1_3&#8243; admin_label=\u00bbPage Title Area\u00bb _builder_version=\u00bb4.16&#8243; background_size=\u00bbinitial\u00bb background_position=\u00bbtop_left\u00bb background_repeat=\u00bbrepeat\u00bb global_colors_info=\u00bb{}\u00bb][et_pb_column type=\u00bb2_3&#8243; _builder_version=\u00bb4.16&#8243; custom_padding=\u00bb|||\u00bb global_colors_info=\u00bb{}\u00bb custom_padding__hover=\u00bb|||\u00bb][et_pb_text admin_label=\u00bbTitle\u00bb _builder_version=\u00bb4.24.2&#8243; text_font=\u00bb||||||||\u00bb header_font=\u00bbPoppins|600|||||||\u00bb header_font_size=\u00bb60px\u00bb header_line_height=\u00bb1.2em\u00bb header_2_font=\u00bb||||||||\u00bb background_layout=\u00bbdark\u00bb custom_margin=\u00bb||20px|\u00bb custom_padding=\u00bb|||\u00bb animation_style=\u00bbfade\u00bb header_font_size_tablet=\u00bb\u00bb header_font_size_phone=\u00bb40px\u00bb header_font_size_last_edited=\u00bbon|desktop\u00bb header_2_font_size_last_edited=\u00bboff|desktop\u00bb global_colors_info=\u00bb{}\u00bb]<\/p>\n<h1>Pol\u00edtica de privacidad<\/h1>\n<p>[\/et_pb_text][\/et_pb_column][et_pb_column type=\u00bb1_3&#8243; _builder_version=\u00bb4.16&#8243; custom_padding=\u00bb|||\u00bb global_colors_info=\u00bb{}\u00bb custom_padding__hover=\u00bb|||\u00bb][\/et_pb_column][\/et_pb_row][\/et_pb_section][et_pb_section fb_built=\u00bb1&#8243; admin_label=\u00bbClass Details Section\u00bb _builder_version=\u00bb4.24.2&#8243; background_color=\u00bb#FFFFFF\u00bb custom_padding=\u00bb90px||26px|||\u00bb global_colors_info=\u00bb{}\u00bb][et_pb_row admin_label=\u00bbCourse Overview Area \u00bb _builder_version=\u00bb4.16&#8243; custom_margin=\u00bb|||\u00bb custom_padding=\u00bb|||\u00bb global_colors_info=\u00bb{}\u00bb][et_pb_column type=\u00bb4_4&#8243; _builder_version=\u00bb4.16&#8243; custom_padding=\u00bb|||\u00bb global_colors_info=\u00bb{}\u00bb custom_padding__hover=\u00bb|||\u00bb][et_pb_text _builder_version=\u00bb4.24.2&#8243; text_font=\u00bbPoppins|300|||||||\u00bb text_text_color=\u00bb#000000&#8243; text_font_size=\u00bb18px\u00bb text_line_height=\u00bb1.8em\u00bb header_font=\u00bb||||||||\u00bb header_3_font=\u00bb||||||||\u00bb animation_style=\u00bbfade\u00bb global_colors_info=\u00bb{}\u00bb]<\/p>\n<p><strong>Pol\u00edtica de Privacidad de Utopia Casas Boutique<\/strong><\/p>\n<p><strong>Introducci\u00f3n<\/strong><\/p>\n<p>Utopia Casas Boutique valora su privacidad y se compromete a proteger la informaci\u00f3n personal de nuestros hu\u00e9spedes. Esta pol\u00edtica describe los aspectos esenciales de c\u00f3mo manejamos sus datos personales en cumplimiento de la Ley Federal de Protecci\u00f3n de Datos Personales en Posesi\u00f3n de los Particulares (LFPDPPP).<\/p>\n<p><strong>Recopilaci\u00f3n y uso de informaci\u00f3n personal<\/strong><\/p>\n<p>Colecci\u00f3n: Recopilamos informaci\u00f3n esencial como nombre, datos de contacto, informaci\u00f3n de pago y preferencias de estad\u00eda. Esto se recopila a trav\u00e9s de reservas directas, nuestro sitio web y durante su estancia.<br \/>Uso: Tus datos se utilizan para tramitar reservas, mejorar nuestros servicios, cumplir con obligaciones legales,<\/p>\n<p><strong>Compartir y seguridad<\/strong><\/p>\n<p>Compartir: La informaci\u00f3n personal se comparte solo cuando es necesario con proveedores de servicios o para cumplir con requisitos legales. Nos aseguramos de que todos los terceros respeten los est\u00e1ndares de privacidad.<br \/>Seguridad: Adoptamos s\u00f3lidas medidas de seguridad para proteger sus datos, incluido el cifrado y el control de acceso. Sin embargo, no se puede garantizar la total seguridad de los datos transmitidos a trav\u00e9s de Internet.<\/p>\n<p><strong>Tus derechos<\/strong><\/p>\n<p>Tienes derecho a acceder, rectificar o suprimir tu informaci\u00f3n personal, entre otros derechos. Para ejercer estos derechos, por favor cont\u00e1ctenos directamente.<\/p>\n<p><strong>Cookies y tecnolog\u00edas de seguimiento<\/strong><\/p>\n<p>Utilizamos cookies para la funcionalidad del sitio web y para mejorar la experiencia del usuario. Puede administrar sus preferencias de cookies a trav\u00e9s de la configuraci\u00f3n de su navegador.<\/p>\n<p><strong>Transferencias Internacionales de Datos<\/strong><\/p>\n<p>Su informaci\u00f3n podr\u00e1 ser procesada en pa\u00edses distintos a M\u00e9xico, siempre bajo estricto cumplimiento de las leyes aplicables para garantizar la protecci\u00f3n de datos.<\/p>\n<p><strong>Actualizaciones y contacto<\/strong><\/p>\n<p>Esta pol\u00edtica puede actualizarse para reflejar cambios en nuestras pr\u00e1cticas o requisitos legales. Si tiene preguntas o ejerce sus derechos de protecci\u00f3n de datos, comun\u00edquese con nosotros a trav\u00e9s de los datos de contacto proporcionados.<\/p>\n<p>[\/et_pb_text][\/et_pb_column][\/et_pb_row][\/et_pb_section][et_pb_section fb_built=\u00bb1&#8243; admin_label=\u00bbFooter Section\u00bb _builder_version=\u00bb4.27.0&#8243; background_color=\u00bb#1c7a75&#8243; custom_padding=\u00bb90px||90px||true|\u00bb saved_tabs=\u00bball\u00bb global_colors_info=\u00bb{}\u00bb global_module=\u00bb4219&#8243; theme_builder_area=\u00bbpost_content\u00bb][et_pb_row column_structure=\u00bb1_3,1_3,1_3&#8243; admin_label=\u00bbFooter Area\u00bb _builder_version=\u00bb4.16&#8243; global_colors_info=\u00bb{}\u00bb theme_builder_area=\u00bbpost_content\u00bb][et_pb_column type=\u00bb1_3&#8243; _builder_version=\u00bb4.16&#8243; custom_padding=\u00bb|||\u00bb global_colors_info=\u00bb{}\u00bb custom_padding__hover=\u00bb|||\u00bb theme_builder_area=\u00bbpost_content\u00bb][et_pb_text ul_type=\u00bbnone\u00bb admin_label=\u00bbTitle\u00bb _builder_version=\u00bb4.27.2&#8243; text_font=\u00bbPoppins||||||||\u00bb text_text_color=\u00bb#FFFFFF\u00bb text_font_size=\u00bb16px\u00bb text_line_height=\u00bb1.8em\u00bb link_text_color=\u00bbrgba(255,255,255,0.63)\u00bb ul_font=\u00bbPoppins||||||||\u00bb ul_text_align=\u00bbcenter\u00bb header_font=\u00bb||||||||\u00bb header_2_font=\u00bbPoppins||||||||\u00bb header_2_text_align=\u00bbcenter\u00bb header_2_font_size=\u00bb24px\u00bb header_2_line_height=\u00bb1.4em\u00bb text_orientation=\u00bbcenter\u00bb background_layout=\u00bbdark\u00bb custom_margin=\u00bb||15px|\u00bb custom_padding=\u00bb|||\u00bb animation_style=\u00bbfade\u00bb locked=\u00bboff\u00bb global_colors_info=\u00bb{}\u00bb theme_builder_area=\u00bbpost_content\u00bb]<\/p>\n<h2>Contacto<\/h2>\n<p><a href=\"mailto:info@utopiamex.com\">info@utopiamex.com<\/a><\/p>\n<p>&nbsp;<\/p>\n<p>[\/et_pb_text][\/et_pb_column][et_pb_column type=\u00bb1_3&#8243; _builder_version=\u00bb4.16&#8243; custom_padding=\u00bb|||\u00bb global_colors_info=\u00bb{}\u00bb custom_padding__hover=\u00bb|||\u00bb theme_builder_area=\u00bbpost_content\u00bb][et_pb_image src=\u00bbhttps:\/\/www.utopiamex.com\/wp-content\/uploads\/2024\/06\/unnamed-1.png\u00bb title_text=\u00bbunnamed\u00bb _builder_version=\u00bb4.24.2&#8243; _module_preset=\u00bbdefault\u00bb global_colors_info=\u00bb{}\u00bb theme_builder_area=\u00bbpost_content\u00bb][\/et_pb_image][\/et_pb_column][et_pb_column type=\u00bb1_3&#8243; _builder_version=\u00bb4.16&#8243; custom_padding=\u00bb|||\u00bb global_colors_info=\u00bb{}\u00bb custom_padding__hover=\u00bb|||\u00bb theme_builder_area=\u00bbpost_content\u00bb][et_pb_text ul_type=\u00bbnone\u00bb admin_label=\u00bbTitle\u00bb _builder_version=\u00bb4.27.2&#8243; text_font=\u00bbPoppins||||||||\u00bb text_text_color=\u00bbrgba(255,255,255,0.7)\u00bb text_font_size=\u00bb16px\u00bb text_line_height=\u00bb1.8em\u00bb ul_font=\u00bbPoppins||||||||\u00bb ul_text_align=\u00bbcenter\u00bb header_font=\u00bb||||||||\u00bb header_2_font=\u00bbPoppins||||||||\u00bb header_2_text_align=\u00bbcenter\u00bb header_2_font_size=\u00bb24px\u00bb header_2_line_height=\u00bb1.4em\u00bb text_orientation=\u00bbcenter\u00bb background_layout=\u00bbdark\u00bb custom_margin=\u00bb||15px|\u00bb custom_padding=\u00bb|||\u00bb animation_style=\u00bbfade\u00bb global_colors_info=\u00bb{}\u00bb theme_builder_area=\u00bbpost_content\u00bb]<\/p>\n<h2>Ll\u00e1manos\/Whatsapp<\/h2>\n<p>+52 <span>951 128 1429<\/span><\/p>\n<p>[\/et_pb_text][\/et_pb_column][\/et_pb_row][et_pb_row disabled_on=\u00bboff|off|off\u00bb admin_label=\u00bbSocial Media\u00bb _builder_version=\u00bb4.16&#8243; custom_margin=\u00bb30px|||\u00bb global_colors_info=\u00bb{}\u00bb theme_builder_area=\u00bbpost_content\u00bb][et_pb_column type=\u00bb4_4&#8243; _builder_version=\u00bb4.16&#8243; custom_padding=\u00bb|||\u00bb global_colors_info=\u00bb{}\u00bb custom_padding__hover=\u00bb|||\u00bb theme_builder_area=\u00bbpost_content\u00bb][et_pb_social_media_follow _builder_version=\u00bb4.26.0&#8243; text_orientation=\u00bbcenter\u00bb locked=\u00bboff\u00bb global_colors_info=\u00bb{}\u00bb theme_builder_area=\u00bbpost_content\u00bb][et_pb_social_media_follow_network social_network=\u00bbinstagram\u00bb url=\u00bbhttps:\/\/www.instagram.com\/utopiaoaxaca?igsh=NzNueThnZzAwdGUx&#038;utm_source=qr\u00bb _builder_version=\u00bb4.24.2&#8243; background_color=\u00bb#95bba7&#8243; background_enable_color=\u00bbon\u00bb custom_margin=\u00bb|8px||8px\u00bb custom_padding=\u00bb14px|14px|14px|14px\u00bb border_radii=\u00bbon|100px|100px|100px|100px\u00bb global_colors_info=\u00bb{}\u00bb theme_builder_area=\u00bbpost_content\u00bb follow_button=\u00bboff\u00bb url_new_window=\u00bbon\u00bb]instagram[\/et_pb_social_media_follow_network][et_pb_social_media_follow_network social_network=\u00bbfacebook\u00bb url=\u00bbhttps:\/\/www.facebook.com\/Utopiacasasboutique\u00bb icon_color=\u00bb#FFFFFF\u00bb _builder_version=\u00bb4.26.0&#8243; background_color=\u00bb#95bba7&#8243; background_enable_color=\u00bbon\u00bb custom_margin=\u00bb|8px||8px\u00bb custom_padding=\u00bb14px|14px|14px|14px\u00bb border_radii=\u00bbon|100px|100px|100px|100px\u00bb global_colors_info=\u00bb{}\u00bb theme_builder_area=\u00bbpost_content\u00bb follow_button=\u00bboff\u00bb url_new_window=\u00bbon\u00bb]facebook[\/et_pb_social_media_follow_network][et_pb_social_media_follow_network social_network=\u00bbyoutube\u00bb url=\u00bbhttps:\/\/www.youtube.com\/@utopiacasasboutique\u00bb _builder_version=\u00bb4.26.0&#8243; background_color=\u00bb#95bba7&#8243; background_enable_color=\u00bbon\u00bb custom_margin=\u00bb|8px||8px\u00bb custom_padding=\u00bb14px|14px|14px|14px\u00bb border_radii=\u00bbon|100px|100px|100px|100px\u00bb global_colors_info=\u00bb{}\u00bb theme_builder_area=\u00bbpost_content\u00bb follow_button=\u00bboff\u00bb url_new_window=\u00bbon\u00bb]youtube[\/et_pb_social_media_follow_network][\/et_pb_social_media_follow][et_pb_text admin_label=\u00bbText\u00bb _builder_version=\u00bb4.27.2&#8243; _module_preset=\u00bbdefault\u00bb text_font=\u00bbPoppins||||||||\u00bb text_text_color=\u00bb#FFFFFF\u00bb text_font_size=\u00bb22px\u00bb background_layout=\u00bbdark\u00bb global_colors_info=\u00bb{}\u00bb theme_builder_area=\u00bbpost_content\u00bb]<\/p>\n<p style=\"text-align: center;\"><span style=\"color: #ffffff;\"><a style=\"color: #ffffff;\" href=\"https:\/\/www.utopiamex.com\/privacidad\/\">Pol\u00edtica de Privacidad<\/a><\/span><\/p>\n<p>[\/et_pb_text][\/et_pb_column][\/et_pb_row][\/et_pb_section]<\/p>\n","protected":false},"excerpt":{"rendered":"<p>Pol\u00edtica de privacidadPol\u00edtica de Privacidad de Utopia Casas Boutique Introducci\u00f3n Utopia Casas Boutique valora su privacidad y se compromete a proteger la informaci\u00f3n personal de nuestros hu\u00e9spedes. Esta pol\u00edtica describe los aspectos esenciales de c\u00f3mo manejamos sus datos personales en cumplimiento de la Ley Federal de Protecci\u00f3n de Datos Personales en Posesi\u00f3n de los Particulares [&hellip;]<\/p>\n","protected":false},"author":3,"featured_media":0,"parent":0,"menu_order":0,"comment_status":"closed","ping_status":"closed","template":"","meta":{"_et_pb_use_builder":"on","_et_pb_old_content":"","_et_gb_content_width":"","footnotes":""},"class_list":["post-2311","page","type-page","status-publish","hentry"],"yoast_head":"<!-- This site is optimized with the Yoast SEO plugin v27.4 - https:\/\/yoast.com\/product\/yoast-seo-wordpress\/ -->\n<title>Privacidad | Utopia Casas Boutique<\/title>\n<meta name=\"robots\" content=\"index, follow, max-snippet:-1, max-image-preview:large, max-video-preview:-1\" \/>\n<link rel=\"canonical\" href=\"https:\/\/www.utopiamex.com\/es\/privacidad\/\" \/>\n<meta property=\"og:locale\" content=\"es_ES\" \/>\n<meta property=\"og:type\" content=\"article\" \/>\n<meta property=\"og:title\" content=\"Privacidad | Utopia Casas Boutique\" \/>\n<meta property=\"og:description\" content=\"Pol\u00edtica de privacidadPol\u00edtica de Privacidad de Utopia Casas Boutique Introducci\u00f3n Utopia Casas Boutique valora su privacidad y se compromete a proteger la informaci\u00f3n personal de nuestros hu\u00e9spedes. Esta pol\u00edtica describe los aspectos esenciales de c\u00f3mo manejamos sus datos personales en cumplimiento de la Ley Federal de Protecci\u00f3n de Datos Personales en Posesi\u00f3n de los Particulares [&hellip;]\" \/>\n<meta property=\"og:url\" content=\"https:\/\/www.utopiamex.com\/es\/privacidad\/\" \/>\n<meta property=\"og:site_name\" content=\"Utopia Casas Boutique\" \/>\n<meta property=\"article:modified_time\" content=\"2024-10-23T02:08:55+00:00\" \/>\n<meta property=\"og:image\" content=\"https:\/\/www.utopiamex.com\/wp-content\/uploads\/2024\/06\/unnamed.png\" \/>\n\t<meta property=\"og:image:width\" content=\"640\" \/>\n\t<meta property=\"og:image:height\" content=\"294\" \/>\n\t<meta property=\"og:image:type\" content=\"image\/png\" \/>\n<meta name=\"twitter:card\" content=\"summary_large_image\" \/>\n<meta name=\"twitter:label1\" content=\"Tiempo de lectura\" \/>\n\t<meta name=\"twitter:data1\" content=\"6 minutos\" \/>\n<script type=\"application\/ld+json\" class=\"yoast-schema-graph\">{\"@context\":\"https:\\\/\\\/schema.org\",\"@graph\":[{\"@type\":\"WebPage\",\"@id\":\"https:\\\/\\\/www.utopiamex.com\\\/es\\\/privacidad\\\/\",\"url\":\"https:\\\/\\\/www.utopiamex.com\\\/es\\\/privacidad\\\/\",\"name\":\"Privacidad | Utopia Casas Boutique\",\"isPartOf\":{\"@id\":\"https:\\\/\\\/www.utopiamex.com\\\/es\\\/#website\"},\"datePublished\":\"2024-06-19T18:58:11+00:00\",\"dateModified\":\"2024-10-23T02:08:55+00:00\",\"breadcrumb\":{\"@id\":\"https:\\\/\\\/www.utopiamex.com\\\/es\\\/privacidad\\\/#breadcrumb\"},\"inLanguage\":\"es\",\"potentialAction\":[{\"@type\":\"ReadAction\",\"target\":[\"https:\\\/\\\/www.utopiamex.com\\\/es\\\/privacidad\\\/\"]}]},{\"@type\":\"BreadcrumbList\",\"@id\":\"https:\\\/\\\/www.utopiamex.com\\\/es\\\/privacidad\\\/#breadcrumb\",\"itemListElement\":[{\"@type\":\"ListItem\",\"position\":1,\"name\":\"Home\",\"item\":\"https:\\\/\\\/www.utopiamex.com\\\/es\\\/\"},{\"@type\":\"ListItem\",\"position\":2,\"name\":\"Privacidad\"}]},{\"@type\":\"WebSite\",\"@id\":\"https:\\\/\\\/www.utopiamex.com\\\/es\\\/#website\",\"url\":\"https:\\\/\\\/www.utopiamex.com\\\/es\\\/\",\"name\":\"Utopia Casas Boutique\",\"description\":\"Luxury accommodation in Oaxaca City &amp; Agua Blanca Beach\",\"publisher\":{\"@id\":\"https:\\\/\\\/www.utopiamex.com\\\/es\\\/#\\\/schema\\\/person\\\/8102e0d78d8acd4535bf97845b3e80f3\"},\"alternateName\":\"utopiamex.com\",\"potentialAction\":[{\"@type\":\"SearchAction\",\"target\":{\"@type\":\"EntryPoint\",\"urlTemplate\":\"https:\\\/\\\/www.utopiamex.com\\\/es\\\/?s={search_term_string}\"},\"query-input\":{\"@type\":\"PropertyValueSpecification\",\"valueRequired\":true,\"valueName\":\"search_term_string\"}}],\"inLanguage\":\"es\"},{\"@type\":[\"Person\",\"Organization\"],\"@id\":\"https:\\\/\\\/www.utopiamex.com\\\/es\\\/#\\\/schema\\\/person\\\/8102e0d78d8acd4535bf97845b3e80f3\",\"name\":\"miranda\",\"image\":{\"@type\":\"ImageObject\",\"inLanguage\":\"es\",\"@id\":\"https:\\\/\\\/i0.wp.com\\\/www.utopiamex.com\\\/wp-content\\\/uploads\\\/2024\\\/07\\\/cropped-favicon.png?fit=512%2C512&ssl=1\",\"url\":\"https:\\\/\\\/i0.wp.com\\\/www.utopiamex.com\\\/wp-content\\\/uploads\\\/2024\\\/07\\\/cropped-favicon.png?fit=512%2C512&ssl=1\",\"contentUrl\":\"https:\\\/\\\/i0.wp.com\\\/www.utopiamex.com\\\/wp-content\\\/uploads\\\/2024\\\/07\\\/cropped-favicon.png?fit=512%2C512&ssl=1\",\"width\":512,\"height\":512,\"caption\":\"miranda\"},\"logo\":{\"@id\":\"https:\\\/\\\/i0.wp.com\\\/www.utopiamex.com\\\/wp-content\\\/uploads\\\/2024\\\/07\\\/cropped-favicon.png?fit=512%2C512&ssl=1\"}}]}<\/script>\n<!-- \/ Yoast SEO plugin. -->","yoast_head_json":{"title":"Privacidad | Utopia Casas Boutique","robots":{"index":"index","follow":"follow","max-snippet":"max-snippet:-1","max-image-preview":"max-image-preview:large","max-video-preview":"max-video-preview:-1"},"canonical":"https:\/\/www.utopiamex.com\/es\/privacidad\/","og_locale":"es_ES","og_type":"article","og_title":"Privacidad | Utopia Casas Boutique","og_description":"Pol\u00edtica de privacidadPol\u00edtica de Privacidad de Utopia Casas Boutique Introducci\u00f3n Utopia Casas Boutique valora su privacidad y se compromete a proteger la informaci\u00f3n personal de nuestros hu\u00e9spedes. Esta pol\u00edtica describe los aspectos esenciales de c\u00f3mo manejamos sus datos personales en cumplimiento de la Ley Federal de Protecci\u00f3n de Datos Personales en Posesi\u00f3n de los Particulares [&hellip;]","og_url":"https:\/\/www.utopiamex.com\/es\/privacidad\/","og_site_name":"Utopia Casas Boutique","article_modified_time":"2024-10-23T02:08:55+00:00","og_image":[{"width":640,"height":294,"url":"https:\/\/www.utopiamex.com\/wp-content\/uploads\/2024\/06\/unnamed.png","type":"image\/png"}],"twitter_card":"summary_large_image","twitter_misc":{"Tiempo de lectura":"6 minutos"},"schema":{"@context":"https:\/\/schema.org","@graph":[{"@type":"WebPage","@id":"https:\/\/www.utopiamex.com\/es\/privacidad\/","url":"https:\/\/www.utopiamex.com\/es\/privacidad\/","name":"Privacidad | Utopia Casas Boutique","isPartOf":{"@id":"https:\/\/www.utopiamex.com\/es\/#website"},"datePublished":"2024-06-19T18:58:11+00:00","dateModified":"2024-10-23T02:08:55+00:00","breadcrumb":{"@id":"https:\/\/www.utopiamex.com\/es\/privacidad\/#breadcrumb"},"inLanguage":"es","potentialAction":[{"@type":"ReadAction","target":["https:\/\/www.utopiamex.com\/es\/privacidad\/"]}]},{"@type":"BreadcrumbList","@id":"https:\/\/www.utopiamex.com\/es\/privacidad\/#breadcrumb","itemListElement":[{"@type":"ListItem","position":1,"name":"Home","item":"https:\/\/www.utopiamex.com\/es\/"},{"@type":"ListItem","position":2,"name":"Privacidad"}]},{"@type":"WebSite","@id":"https:\/\/www.utopiamex.com\/es\/#website","url":"https:\/\/www.utopiamex.com\/es\/","name":"Utopia Casas Boutique","description":"Luxury accommodation in Oaxaca City &amp; Agua Blanca Beach","publisher":{"@id":"https:\/\/www.utopiamex.com\/es\/#\/schema\/person\/8102e0d78d8acd4535bf97845b3e80f3"},"alternateName":"utopiamex.com","potentialAction":[{"@type":"SearchAction","target":{"@type":"EntryPoint","urlTemplate":"https:\/\/www.utopiamex.com\/es\/?s={search_term_string}"},"query-input":{"@type":"PropertyValueSpecification","valueRequired":true,"valueName":"search_term_string"}}],"inLanguage":"es"},{"@type":["Person","Organization"],"@id":"https:\/\/www.utopiamex.com\/es\/#\/schema\/person\/8102e0d78d8acd4535bf97845b3e80f3","name":"miranda","image":{"@type":"ImageObject","inLanguage":"es","@id":"https:\/\/i0.wp.com\/www.utopiamex.com\/wp-content\/uploads\/2024\/07\/cropped-favicon.png?fit=512%2C512&ssl=1","url":"https:\/\/i0.wp.com\/www.utopiamex.com\/wp-content\/uploads\/2024\/07\/cropped-favicon.png?fit=512%2C512&ssl=1","contentUrl":"https:\/\/i0.wp.com\/www.utopiamex.com\/wp-content\/uploads\/2024\/07\/cropped-favicon.png?fit=512%2C512&ssl=1","width":512,"height":512,"caption":"miranda"},"logo":{"@id":"https:\/\/i0.wp.com\/www.utopiamex.com\/wp-content\/uploads\/2024\/07\/cropped-favicon.png?fit=512%2C512&ssl=1"}}]}},"_links":{"self":[{"href":"https:\/\/www.utopiamex.com\/es\/wp-json\/wp\/v2\/pages\/2311","targetHints":{"allow":["GET"]}}],"collection":[{"href":"https:\/\/www.utopiamex.com\/es\/wp-json\/wp\/v2\/pages"}],"about":[{"href":"https:\/\/www.utopiamex.com\/es\/wp-json\/wp\/v2\/types\/page"}],"author":[{"embeddable":true,"href":"https:\/\/www.utopiamex.com\/es\/wp-json\/wp\/v2\/users\/3"}],"replies":[{"embeddable":true,"href":"https:\/\/www.utopiamex.com\/es\/wp-json\/wp\/v2\/comments?post=2311"}],"version-history":[{"count":0,"href":"https:\/\/www.utopiamex.com\/es\/wp-json\/wp\/v2\/pages\/2311\/revisions"}],"wp:attachment":[{"href":"https:\/\/www.utopiamex.com\/es\/wp-json\/wp\/v2\/media?parent=2311"}],"curies":[{"name":"wp","href":"https:\/\/api.w.org\/{rel}","templated":true}]}}