{"id":2174,"date":"2024-03-22T16:19:52","date_gmt":"2024-03-22T16:19:52","guid":{"rendered":"https:\/\/www.utopiamex.com\/acerca-de-nosotros\/"},"modified":"2026-01-12T16:46:13","modified_gmt":"2026-01-12T16:46:13","slug":"acerca-de-nosotros","status":"publish","type":"page","link":"https:\/\/www.utopiamex.com\/es\/acerca-de-nosotros\/","title":{"rendered":"Acerca de nosotros"},"content":{"rendered":"<p>[et_pb_section fb_built=\u00bb1&#8243; admin_label=\u00bbPage Title Section\u00bb _builder_version=\u00bb4.27.0&#8243; use_background_color_gradient=\u00bbon\u00bb background_color_gradient_direction=\u00bb120deg\u00bb background_color_gradient_stops=\u00bb#000000 0%|rgba(0,0,0,0) 50%\u00bb background_color_gradient_overlays_image=\u00bbon\u00bb background_color_gradient_start=\u00bb#000000&#8243; background_color_gradient_end=\u00bbrgba(0,0,0,0)\u00bb background_image=\u00bbhttps:\/\/www.utopiamex.com\/wp-content\/uploads\/2024\/03\/Screenshot-2024-03-30-at-12.09.27\u202fpm.jpg\u00bb custom_padding=\u00bb110px||110px|\u00bb global_colors_info=\u00bb{}\u00bb][et_pb_row column_structure=\u00bb1_2,1_2&#8243; admin_label=\u00bbPagina de titulos\u00bb _builder_version=\u00bb4.16&#8243; background_size=\u00bbinitial\u00bb background_position=\u00bbtop_left\u00bb background_repeat=\u00bbrepeat\u00bb global_colors_info=\u00bb{}\u00bb][et_pb_column type=\u00bb1_2&#8243; _builder_version=\u00bb4.16&#8243; custom_padding=\u00bb|||\u00bb global_colors_info=\u00bb{}\u00bb custom_padding__hover=\u00bb|||\u00bb][et_pb_text admin_label=\u00bbTitle\u00bb _builder_version=\u00bb4.27.0&#8243; text_font=\u00bb||||||||\u00bb header_font=\u00bbPoppins|600|||||||\u00bb header_font_size=\u00bb60px\u00bb header_line_height=\u00bb1.2em\u00bb header_2_font=\u00bb||||||||\u00bb header_2_font_size=\u00bb60px\u00bb background_layout=\u00bbdark\u00bb custom_margin=\u00bb||20px|\u00bb custom_padding=\u00bb|||\u00bb animation_style=\u00bbfade\u00bb header_font_size_tablet=\u00bb\u00bb header_font_size_phone=\u00bb40px\u00bb header_font_size_last_edited=\u00bbon|phone\u00bb text_text_shadow_style=\u00bbpreset1&#8243; text_text_shadow_horizontal_length=\u00bb0.1em\u00bb text_text_shadow_blur_strength=\u00bb0.3em\u00bb text_text_shadow_color=\u00bb#000000&#8243; global_colors_info=\u00bb{}\u00bb]<\/p>\n<h1>Acerca de nosotros<\/h1>\n<p>[\/et_pb_text][et_pb_text admin_label=\u00bbPage Subtitle\u00bb _builder_version=\u00bb4.24.2&#8243; text_font=\u00bbPoppins||||||||\u00bb text_font_size=\u00bb18px\u00bb text_line_height=\u00bb1.8em\u00bb header_font=\u00bb||||||||\u00bb background_layout=\u00bbdark\u00bb animation_style=\u00bbfade\u00bb global_colors_info=\u00bb{}\u00bb][\/et_pb_text][\/et_pb_column][et_pb_column type=\u00bb1_2&#8243; _builder_version=\u00bb4.16&#8243; custom_padding=\u00bb|||\u00bb global_colors_info=\u00bb{}\u00bb custom_padding__hover=\u00bb|||\u00bb][\/et_pb_column][\/et_pb_row][\/et_pb_section][et_pb_section fb_built=\u00bb1&#8243; admin_label=\u00bbAbout Us Section\u00bb _builder_version=\u00bb4.24.2&#8243; background_color=\u00bb#FFFFFF\u00bb custom_padding=\u00bb46px||39px|||\u00bb global_colors_info=\u00bb{}\u00bb][et_pb_row admin_label=\u00bbAcerca de nosotros\u00bb _builder_version=\u00bb4.16&#8243; global_colors_info=\u00bb{}\u00bb][et_pb_column type=\u00bb4_4&#8243; _builder_version=\u00bb4.16&#8243; custom_padding=\u00bb|||\u00bb global_colors_info=\u00bb{}\u00bb custom_padding__hover=\u00bb|||\u00bb][et_pb_text _builder_version=\u00bb4.27.2&#8243; text_font=\u00bbPoppins|300|||||||\u00bb text_text_color=\u00bb#000000&#8243; text_font_size=\u00bb18px\u00bb text_line_height=\u00bb1.8em\u00bb header_font=\u00bb||||||||\u00bb header_3_font=\u00bb||||||||\u00bb animation_style=\u00bbfade\u00bb global_colors_info=\u00bb{}\u00bb]<\/p>\n<p><strong>Bienvenido a Utopia<\/strong><\/p>\n<p>El fundador Rafael Van Dyck, junto con un equipo dedicado, ha hecho que Utopia se convierta en un refugio tranquilo, bellamente ubicado en la ciudad de Oaxaca y a lo largo de las costas de la playa de Agua Blanca. Con una amplia experiencia en desarrollo sustentable y reducci\u00f3n de riesgos,\u00a0 Rafael ha transformado estos entornos cautivadores en santuarios ecol\u00f3gicos, bellamente dise\u00f1ados y seguros. Utopia es perfecta para quienes buscan la naturaleza y monta\u00f1as, cerca de la ciudad, o un retiro frente al mar entre Puerto Escondido y Mazunte.<\/p>\n<p><strong>Nuestro compromiso con la naturaleza.\u00a0<\/strong><\/p>\n<p>La dedicaci\u00f3n de Utopia al medio ambiente se demuestra a trav\u00e9s de nuestras pr\u00e1cticas sustentables, que incluyen la recolecci\u00f3n de agua de lluvia, la calefacci\u00f3n solar y el cultivo de un huerto org\u00e1nico en la ciudad de Oaxaca. Tambi\u00e9n nos enfocamos en el reciclaje de residuos, el compostaje y el uso de jabones y productos de limpieza biodegradables, entre otras pr\u00e1cticas ecol\u00f3gicas. Estas iniciativas ayudan a que Utopia realmente haga honor a su nombre.<\/p>\n<p><strong>Conozca a nuestro equipo<\/strong><\/p>\n<p>La gerente dedicada Magaly Bandera, y nuestro amable personal de limpieza \u2014Humberto, Imelda, Eliseo y Leticia\u2014 garantizan su comodidad y satisfacen todas sus necesidades durante su estancia, respetando su privacidad.\u00a0 Puede encontrarlos en la propiedad de 8:00 a 17:00. Sus n\u00fameros de contacto est\u00e1n disponibles en \u00abReservar ahora \/ Contacto\u00bb. Ponen a su disposici\u00f3n, el servicio completo de hotel, comidas, transporte y los siguientes servicios personalizados:<\/p>\n<p><strong>Servicios personalizados en Utopia<\/strong><\/p>\n<ul>\n<li>Desayunos y comidas locales y gourmet.<\/li>\n<li>Yoga y masajes<\/li>\n<li>Degustaciones de mezcal<\/li>\n<li>Tours locales<\/li>\n<li>Servicios extra de limpieza<\/li>\n<\/ul>\n<p>Su visita a Utopia est\u00e1 dise\u00f1ada para ser inolvidable, llena de tranquilidad y paz inigualables.<\/p>\n<p><strong>Sus dedicados anfitriones le dan la bienvenida, <\/strong><\/p>\n<p>Magaly Bandera (Ciudad de Oaxaca y Agua Blanca)<br \/>Humberto e Imelda (Amos de casa Utopia en la Ciudad de Oaxaca)<br \/><span style=\"background-color: #ffffff; font-size: 18px;\">Rafael y Miranda (en B\u00e9lgica y Oaxaca)<\/span><\/p>\n<p>&nbsp;<\/p>\n<p>[\/et_pb_text][\/et_pb_column][\/et_pb_row][\/et_pb_section][et_pb_section fb_built=\u00bb1&#8243; admin_label=\u00bbFooter Section\u00bb _builder_version=\u00bb4.27.0&#8243; background_color=\u00bb#1c7a75&#8243; custom_padding=\u00bb90px||90px||true|\u00bb saved_tabs=\u00bball\u00bb global_colors_info=\u00bb{}\u00bb][et_pb_row column_structure=\u00bb1_3,1_3,1_3&#8243; admin_label=\u00bbFooter Area\u00bb _builder_version=\u00bb4.16&#8243; global_colors_info=\u00bb{}\u00bb][et_pb_column type=\u00bb1_3&#8243; _builder_version=\u00bb4.16&#8243; custom_padding=\u00bb|||\u00bb global_colors_info=\u00bb{}\u00bb custom_padding__hover=\u00bb|||\u00bb][et_pb_text ul_type=\u00bbnone\u00bb admin_label=\u00bbTitle\u00bb _builder_version=\u00bb4.26.0&#8243; text_font=\u00bbPoppins||||||||\u00bb text_text_color=\u00bb#FFFFFF\u00bb text_font_size=\u00bb16px\u00bb text_line_height=\u00bb1.8em\u00bb link_text_color=\u00bbrgba(255,255,255,0.63)\u00bb ul_font=\u00bbPoppins||||||||\u00bb ul_text_align=\u00bbcenter\u00bb header_font=\u00bb||||||||\u00bb header_2_font=\u00bbPoppins||||||||\u00bb header_2_text_align=\u00bbcenter\u00bb header_2_font_size=\u00bb24px\u00bb header_2_line_height=\u00bb1.4em\u00bb text_orientation=\u00bbcenter\u00bb background_layout=\u00bbdark\u00bb custom_margin=\u00bb||15px|\u00bb custom_padding=\u00bb|||\u00bb animation_style=\u00bbfade\u00bb locked=\u00bboff\u00bb global_colors_info=\u00bb{}\u00bb]<\/p>\n<h2>Contacto<\/h2>\n<p><a href=\"mailto:info@utopiamex.com\">info@utopiamex.com<\/a><\/p>\n<p>&nbsp;<\/p>\n<p>[\/et_pb_text][\/et_pb_column][et_pb_column type=\u00bb1_3&#8243; _builder_version=\u00bb4.16&#8243; custom_padding=\u00bb|||\u00bb global_colors_info=\u00bb{}\u00bb custom_padding__hover=\u00bb|||\u00bb][et_pb_image src=\u00bbhttps:\/\/www.utopiamex.com\/wp-content\/uploads\/2024\/06\/unnamed-1.png\u00bb title_text=\u00bbunnamed\u00bb _builder_version=\u00bb4.24.2&#8243; _module_preset=\u00bbdefault\u00bb global_colors_info=\u00bb{}\u00bb][\/et_pb_image][\/et_pb_column][et_pb_column type=\u00bb1_3&#8243; _builder_version=\u00bb4.16&#8243; custom_padding=\u00bb|||\u00bb global_colors_info=\u00bb{}\u00bb custom_padding__hover=\u00bb|||\u00bb][et_pb_text ul_type=\u00bbnone\u00bb admin_label=\u00bbTitle\u00bb _builder_version=\u00bb4.27.2&#8243; text_font=\u00bbPoppins||||||||\u00bb text_text_color=\u00bbrgba(255,255,255,0.7)\u00bb text_font_size=\u00bb16px\u00bb text_line_height=\u00bb1.8em\u00bb ul_font=\u00bbPoppins||||||||\u00bb ul_text_align=\u00bbcenter\u00bb header_font=\u00bb||||||||\u00bb header_2_font=\u00bbPoppins||||||||\u00bb header_2_text_align=\u00bbcenter\u00bb header_2_font_size=\u00bb24px\u00bb header_2_line_height=\u00bb1.4em\u00bb text_orientation=\u00bbcenter\u00bb background_layout=\u00bbdark\u00bb custom_margin=\u00bb||15px|\u00bb custom_padding=\u00bb|||\u00bb animation_style=\u00bbfade\u00bb global_colors_info=\u00bb{}\u00bb]<\/p>\n<h2>Ll\u00e1menos\/Whatsapp<\/h2>\n<p>+52 <span>951 128 1429<\/span><\/p>\n<p>[\/et_pb_text][\/et_pb_column][\/et_pb_row][et_pb_row disabled_on=\u00bboff|off|off\u00bb admin_label=\u00bbSocial Media\u00bb _builder_version=\u00bb4.16&#8243; custom_margin=\u00bb30px|||\u00bb global_colors_info=\u00bb{}\u00bb][et_pb_column type=\u00bb4_4&#8243; _builder_version=\u00bb4.16&#8243; custom_padding=\u00bb|||\u00bb global_colors_info=\u00bb{}\u00bb custom_padding__hover=\u00bb|||\u00bb][et_pb_social_media_follow _builder_version=\u00bb4.26.0&#8243; text_orientation=\u00bbcenter\u00bb locked=\u00bboff\u00bb global_colors_info=\u00bb{}\u00bb][et_pb_social_media_follow_network social_network=\u00bbinstagram\u00bb url=\u00bbhttps:\/\/www.instagram.com\/utopiaoaxaca?igsh=NzNueThnZzAwdGUx&#038;utm_source=qr\u00bb _builder_version=\u00bb4.24.2&#8243; background_color=\u00bb#95bba7&#8243; background_enable_color=\u00bbon\u00bb custom_margin=\u00bb|8px||8px\u00bb custom_padding=\u00bb14px|14px|14px|14px\u00bb border_radii=\u00bbon|100px|100px|100px|100px\u00bb global_colors_info=\u00bb{}\u00bb follow_button=\u00bboff\u00bb url_new_window=\u00bbon\u00bb]instagram[\/et_pb_social_media_follow_network][et_pb_social_media_follow_network social_network=\u00bbfacebook\u00bb url=\u00bbhttps:\/\/www.facebook.com\/Utopiacasasboutique\u00bb icon_color=\u00bb#FFFFFF\u00bb _builder_version=\u00bb4.26.0&#8243; background_color=\u00bb#95bba7&#8243; background_enable_color=\u00bbon\u00bb custom_margin=\u00bb|8px||8px\u00bb custom_padding=\u00bb14px|14px|14px|14px\u00bb border_radii=\u00bbon|100px|100px|100px|100px\u00bb global_colors_info=\u00bb{}\u00bb follow_button=\u00bboff\u00bb url_new_window=\u00bbon\u00bb]facebook[\/et_pb_social_media_follow_network][et_pb_social_media_follow_network social_network=\u00bbyoutube\u00bb url=\u00bbhttps:\/\/www.youtube.com\/@utopiacasasboutique\u00bb _builder_version=\u00bb4.26.0&#8243; background_color=\u00bb#95bba7&#8243; background_enable_color=\u00bbon\u00bb custom_margin=\u00bb|8px||8px\u00bb custom_padding=\u00bb14px|14px|14px|14px\u00bb border_radii=\u00bbon|100px|100px|100px|100px\u00bb global_colors_info=\u00bb{}\u00bb follow_button=\u00bboff\u00bb url_new_window=\u00bbon\u00bb]youtube[\/et_pb_social_media_follow_network][\/et_pb_social_media_follow][et_pb_text admin_label=\u00bbText\u00bb _builder_version=\u00bb4.27.2&#8243; _module_preset=\u00bbdefault\u00bb text_font=\u00bbPoppins||||||||\u00bb text_text_color=\u00bb#FFFFFF\u00bb text_font_size=\u00bb22px\u00bb background_layout=\u00bbdark\u00bb global_colors_info=\u00bb{}\u00bb]<\/p>\n<p style=\"text-align: center;\"><span style=\"color: #ffffff;\"><a href=\"https:\/\/www.utopiamex.com\/es\/privacidad\/\" style=\"color: #ffffff;\">Pol\u00edtica de privacidad<\/a><\/span><\/p>\n<p>[\/et_pb_text][\/et_pb_column][\/et_pb_row][\/et_pb_section]<\/p>\n","protected":false},"excerpt":{"rendered":"<p>Acerca de nosotrosBienvenido a Utopia El fundador Rafael Van Dyck, junto con un equipo dedicado, ha hecho que Utopia se convierta en un refugio tranquilo, bellamente ubicado en la ciudad de Oaxaca y a lo largo de las costas de la playa de Agua Blanca. Con una amplia experiencia en desarrollo sustentable y reducci\u00f3n de [&hellip;]<\/p>\n","protected":false},"author":3,"featured_media":0,"parent":0,"menu_order":0,"comment_status":"closed","ping_status":"closed","template":"","meta":{"_et_pb_use_builder":"on","_et_pb_old_content":"","_et_gb_content_width":"","footnotes":""},"class_list":["post-2174","page","type-page","status-publish","hentry"],"yoast_head":"<!-- This site is optimized with the Yoast SEO plugin v27.4 - https:\/\/yoast.com\/product\/yoast-seo-wordpress\/ -->\n<title>Acerca de nosotros | Utopia Casas Boutique<\/title>\n<meta name=\"description\" content=\"Utopia Oaxaca presenta una visi\u00f3n de hospitalidad consciente, arquitectura natural y conexi\u00f3n comunitaria en entornos \u00fanicos de M\u00e9xico.\" \/>\n<meta name=\"robots\" content=\"index, follow, max-snippet:-1, max-image-preview:large, max-video-preview:-1\" \/>\n<link rel=\"canonical\" href=\"https:\/\/www.utopiamex.com\/es\/acerca-de-nosotros\/\" \/>\n<meta property=\"og:locale\" content=\"es_ES\" \/>\n<meta property=\"og:type\" content=\"article\" \/>\n<meta property=\"og:title\" content=\"Acerca de nosotros | Utopia Casas Boutique\" \/>\n<meta property=\"og:description\" content=\"Utopia Oaxaca presenta una visi\u00f3n de hospitalidad consciente, arquitectura natural y conexi\u00f3n comunitaria en entornos \u00fanicos de M\u00e9xico.\" \/>\n<meta property=\"og:url\" content=\"https:\/\/www.utopiamex.com\/es\/acerca-de-nosotros\/\" \/>\n<meta property=\"og:site_name\" content=\"Utopia Casas Boutique\" \/>\n<meta property=\"article:modified_time\" content=\"2026-01-12T16:46:13+00:00\" \/>\n<meta property=\"og:image\" content=\"https:\/\/www.utopiamex.com\/wp-content\/uploads\/2024\/06\/unnamed.png\" \/>\n\t<meta property=\"og:image:width\" content=\"640\" \/>\n\t<meta property=\"og:image:height\" content=\"294\" \/>\n\t<meta property=\"og:image:type\" content=\"image\/png\" \/>\n<meta name=\"twitter:card\" content=\"summary_large_image\" \/>\n<meta name=\"twitter:label1\" content=\"Tiempo de lectura\" \/>\n\t<meta name=\"twitter:data1\" content=\"2 minutos\" \/>\n<script type=\"application\/ld+json\" class=\"yoast-schema-graph\">{\"@context\":\"https:\\\/\\\/schema.org\",\"@graph\":[{\"@type\":\"WebPage\",\"@id\":\"https:\\\/\\\/www.utopiamex.com\\\/es\\\/acerca-de-nosotros\\\/\",\"url\":\"https:\\\/\\\/www.utopiamex.com\\\/es\\\/acerca-de-nosotros\\\/\",\"name\":\"Acerca de nosotros | Utopia Casas Boutique\",\"isPartOf\":{\"@id\":\"https:\\\/\\\/www.utopiamex.com\\\/es\\\/#website\"},\"datePublished\":\"2024-03-22T16:19:52+00:00\",\"dateModified\":\"2026-01-12T16:46:13+00:00\",\"description\":\"Utopia Oaxaca presenta una visi\u00f3n de hospitalidad consciente, arquitectura natural y conexi\u00f3n comunitaria en entornos \u00fanicos de M\u00e9xico.\",\"breadcrumb\":{\"@id\":\"https:\\\/\\\/www.utopiamex.com\\\/es\\\/acerca-de-nosotros\\\/#breadcrumb\"},\"inLanguage\":\"es\",\"potentialAction\":[{\"@type\":\"ReadAction\",\"target\":[\"https:\\\/\\\/www.utopiamex.com\\\/es\\\/acerca-de-nosotros\\\/\"]}]},{\"@type\":\"BreadcrumbList\",\"@id\":\"https:\\\/\\\/www.utopiamex.com\\\/es\\\/acerca-de-nosotros\\\/#breadcrumb\",\"itemListElement\":[{\"@type\":\"ListItem\",\"position\":1,\"name\":\"Home\",\"item\":\"https:\\\/\\\/www.utopiamex.com\\\/es\\\/\"},{\"@type\":\"ListItem\",\"position\":2,\"name\":\"Acerca de nosotros\"}]},{\"@type\":\"WebSite\",\"@id\":\"https:\\\/\\\/www.utopiamex.com\\\/es\\\/#website\",\"url\":\"https:\\\/\\\/www.utopiamex.com\\\/es\\\/\",\"name\":\"Utopia Casas Boutique\",\"description\":\"Luxury accommodation in Oaxaca City &amp; Agua Blanca Beach\",\"publisher\":{\"@id\":\"https:\\\/\\\/www.utopiamex.com\\\/es\\\/#\\\/schema\\\/person\\\/8102e0d78d8acd4535bf97845b3e80f3\"},\"alternateName\":\"utopiamex.com\",\"potentialAction\":[{\"@type\":\"SearchAction\",\"target\":{\"@type\":\"EntryPoint\",\"urlTemplate\":\"https:\\\/\\\/www.utopiamex.com\\\/es\\\/?s={search_term_string}\"},\"query-input\":{\"@type\":\"PropertyValueSpecification\",\"valueRequired\":true,\"valueName\":\"search_term_string\"}}],\"inLanguage\":\"es\"},{\"@type\":[\"Person\",\"Organization\"],\"@id\":\"https:\\\/\\\/www.utopiamex.com\\\/es\\\/#\\\/schema\\\/person\\\/8102e0d78d8acd4535bf97845b3e80f3\",\"name\":\"miranda\",\"image\":{\"@type\":\"ImageObject\",\"inLanguage\":\"es\",\"@id\":\"https:\\\/\\\/i0.wp.com\\\/www.utopiamex.com\\\/wp-content\\\/uploads\\\/2024\\\/07\\\/cropped-favicon.png?fit=512%2C512&ssl=1\",\"url\":\"https:\\\/\\\/i0.wp.com\\\/www.utopiamex.com\\\/wp-content\\\/uploads\\\/2024\\\/07\\\/cropped-favicon.png?fit=512%2C512&ssl=1\",\"contentUrl\":\"https:\\\/\\\/i0.wp.com\\\/www.utopiamex.com\\\/wp-content\\\/uploads\\\/2024\\\/07\\\/cropped-favicon.png?fit=512%2C512&ssl=1\",\"width\":512,\"height\":512,\"caption\":\"miranda\"},\"logo\":{\"@id\":\"https:\\\/\\\/i0.wp.com\\\/www.utopiamex.com\\\/wp-content\\\/uploads\\\/2024\\\/07\\\/cropped-favicon.png?fit=512%2C512&ssl=1\"}}]}<\/script>\n<!-- \/ Yoast SEO plugin. -->","yoast_head_json":{"title":"Acerca de nosotros | Utopia Casas Boutique","description":"Utopia Oaxaca presenta una visi\u00f3n de hospitalidad consciente, arquitectura natural y conexi\u00f3n comunitaria en entornos \u00fanicos de M\u00e9xico.","robots":{"index":"index","follow":"follow","max-snippet":"max-snippet:-1","max-image-preview":"max-image-preview:large","max-video-preview":"max-video-preview:-1"},"canonical":"https:\/\/www.utopiamex.com\/es\/acerca-de-nosotros\/","og_locale":"es_ES","og_type":"article","og_title":"Acerca de nosotros | Utopia Casas Boutique","og_description":"Utopia Oaxaca presenta una visi\u00f3n de hospitalidad consciente, arquitectura natural y conexi\u00f3n comunitaria en entornos \u00fanicos de M\u00e9xico.","og_url":"https:\/\/www.utopiamex.com\/es\/acerca-de-nosotros\/","og_site_name":"Utopia Casas Boutique","article_modified_time":"2026-01-12T16:46:13+00:00","og_image":[{"width":640,"height":294,"url":"https:\/\/www.utopiamex.com\/wp-content\/uploads\/2024\/06\/unnamed.png","type":"image\/png"}],"twitter_card":"summary_large_image","twitter_misc":{"Tiempo de lectura":"2 minutos"},"schema":{"@context":"https:\/\/schema.org","@graph":[{"@type":"WebPage","@id":"https:\/\/www.utopiamex.com\/es\/acerca-de-nosotros\/","url":"https:\/\/www.utopiamex.com\/es\/acerca-de-nosotros\/","name":"Acerca de nosotros | Utopia Casas Boutique","isPartOf":{"@id":"https:\/\/www.utopiamex.com\/es\/#website"},"datePublished":"2024-03-22T16:19:52+00:00","dateModified":"2026-01-12T16:46:13+00:00","description":"Utopia Oaxaca presenta una visi\u00f3n de hospitalidad consciente, arquitectura natural y conexi\u00f3n comunitaria en entornos \u00fanicos de M\u00e9xico.","breadcrumb":{"@id":"https:\/\/www.utopiamex.com\/es\/acerca-de-nosotros\/#breadcrumb"},"inLanguage":"es","potentialAction":[{"@type":"ReadAction","target":["https:\/\/www.utopiamex.com\/es\/acerca-de-nosotros\/"]}]},{"@type":"BreadcrumbList","@id":"https:\/\/www.utopiamex.com\/es\/acerca-de-nosotros\/#breadcrumb","itemListElement":[{"@type":"ListItem","position":1,"name":"Home","item":"https:\/\/www.utopiamex.com\/es\/"},{"@type":"ListItem","position":2,"name":"Acerca de nosotros"}]},{"@type":"WebSite","@id":"https:\/\/www.utopiamex.com\/es\/#website","url":"https:\/\/www.utopiamex.com\/es\/","name":"Utopia Casas Boutique","description":"Luxury accommodation in Oaxaca City &amp; Agua Blanca Beach","publisher":{"@id":"https:\/\/www.utopiamex.com\/es\/#\/schema\/person\/8102e0d78d8acd4535bf97845b3e80f3"},"alternateName":"utopiamex.com","potentialAction":[{"@type":"SearchAction","target":{"@type":"EntryPoint","urlTemplate":"https:\/\/www.utopiamex.com\/es\/?s={search_term_string}"},"query-input":{"@type":"PropertyValueSpecification","valueRequired":true,"valueName":"search_term_string"}}],"inLanguage":"es"},{"@type":["Person","Organization"],"@id":"https:\/\/www.utopiamex.com\/es\/#\/schema\/person\/8102e0d78d8acd4535bf97845b3e80f3","name":"miranda","image":{"@type":"ImageObject","inLanguage":"es","@id":"https:\/\/i0.wp.com\/www.utopiamex.com\/wp-content\/uploads\/2024\/07\/cropped-favicon.png?fit=512%2C512&ssl=1","url":"https:\/\/i0.wp.com\/www.utopiamex.com\/wp-content\/uploads\/2024\/07\/cropped-favicon.png?fit=512%2C512&ssl=1","contentUrl":"https:\/\/i0.wp.com\/www.utopiamex.com\/wp-content\/uploads\/2024\/07\/cropped-favicon.png?fit=512%2C512&ssl=1","width":512,"height":512,"caption":"miranda"},"logo":{"@id":"https:\/\/i0.wp.com\/www.utopiamex.com\/wp-content\/uploads\/2024\/07\/cropped-favicon.png?fit=512%2C512&ssl=1"}}]}},"_links":{"self":[{"href":"https:\/\/www.utopiamex.com\/es\/wp-json\/wp\/v2\/pages\/2174","targetHints":{"allow":["GET"]}}],"collection":[{"href":"https:\/\/www.utopiamex.com\/es\/wp-json\/wp\/v2\/pages"}],"about":[{"href":"https:\/\/www.utopiamex.com\/es\/wp-json\/wp\/v2\/types\/page"}],"author":[{"embeddable":true,"href":"https:\/\/www.utopiamex.com\/es\/wp-json\/wp\/v2\/users\/3"}],"replies":[{"embeddable":true,"href":"https:\/\/www.utopiamex.com\/es\/wp-json\/wp\/v2\/comments?post=2174"}],"version-history":[{"count":2,"href":"https:\/\/www.utopiamex.com\/es\/wp-json\/wp\/v2\/pages\/2174\/revisions"}],"predecessor-version":[{"id":6874,"href":"https:\/\/www.utopiamex.com\/es\/wp-json\/wp\/v2\/pages\/2174\/revisions\/6874"}],"wp:attachment":[{"href":"https:\/\/www.utopiamex.com\/es\/wp-json\/wp\/v2\/media?parent=2174"}],"curies":[{"name":"wp","href":"https:\/\/api.w.org\/{rel}","templated":true}]}}